{"id":7,"date":"2019-11-13T20:04:29","date_gmt":"2019-11-13T19:04:29","guid":{"rendered":"https:\/\/iknm.pl\/wordpress\/?page_id=7"},"modified":"2026-04-15T00:28:12","modified_gmt":"2026-04-14T22:28:12","slug":"strona-glowna","status":"publish","type":"page","link":"https:\/\/dr-gmerek.pl\/","title":{"rendered":"Strona g\u0142\u00f3wna"},"content":{"rendered":"<h3><span style=\"color: #000000;\">Oferta us\u0142ug<\/span><\/h3>\n<p><span style=\"color: #000000;\">&#8211; badania do pracy &#8211; wst\u0119pne, okresowe, kontrolne, sanitarno-epidemiologiczne,<\/span><br \/><span style=\"color: #000000;\">&#8211; badania marynarzy, stra\u017cak\u00f3w, uczni\u00f3w i student\u00f3w,<br \/><\/span><span style=\"color: #000000;\">&#8211; badania kierowc\u00f3w &#8211; wszystkie kategorie: amatorskie, zawodowe (kwalifikacje wst\u0119pne, szkolenia okresowe), pojazdy uprzywilejowane,<\/span><br \/><span style=\"color: #000000;\">&#8211; badania do broni<\/span><br \/><span style=\"color: #000000;\">Na miejscu wykonywane s\u0105 konsultacje lekarzy specjalist\u00f3w z dziedziny: laryngologii, okulistyki i neurologi. <\/span><br \/><span style=\"color: #000000;\">Wykonywane s\u0105 badania: EKG spoczynkowe, spirometria, audiometria i komputerowe badanie wzroku.<\/span><\/p>\n<p><img loading=\"lazy\" decoding=\"async\" src=\"https:\/\/dr-gmerek.pl\/wp-content\/uploads\/2020\/01\/IMG_4849-300x225.jpg\" alt=\"\" class=\" wp-image-108 alignleft\" width=\"480\" height=\"360\" srcset=\"https:\/\/dr-gmerek.pl\/wp-content\/uploads\/2020\/01\/IMG_4849-300x225.jpg 300w, https:\/\/dr-gmerek.pl\/wp-content\/uploads\/2020\/01\/IMG_4849-1024x768.jpg 1024w, https:\/\/dr-gmerek.pl\/wp-content\/uploads\/2020\/01\/IMG_4849-768x576.jpg 768w, https:\/\/dr-gmerek.pl\/wp-content\/uploads\/2020\/01\/IMG_4849-1536x1152.jpg 1536w, https:\/\/dr-gmerek.pl\/wp-content\/uploads\/2020\/01\/IMG_4849-2048x1536.jpg 2048w\" sizes=\"auto, (max-width: 480px) 100vw, 480px\" \/> <img loading=\"lazy\" decoding=\"async\" src=\"https:\/\/dr-gmerek.pl\/wp-content\/uploads\/2020\/01\/IMG_4836-300x225.jpg\" alt=\"\" class=\" wp-image-109 alignright\" width=\"480\" height=\"360\" srcset=\"https:\/\/dr-gmerek.pl\/wp-content\/uploads\/2020\/01\/IMG_4836-300x225.jpg 300w, https:\/\/dr-gmerek.pl\/wp-content\/uploads\/2020\/01\/IMG_4836-1024x768.jpg 1024w, https:\/\/dr-gmerek.pl\/wp-content\/uploads\/2020\/01\/IMG_4836-768x576.jpg 768w, https:\/\/dr-gmerek.pl\/wp-content\/uploads\/2020\/01\/IMG_4836-1536x1152.jpg 1536w, https:\/\/dr-gmerek.pl\/wp-content\/uploads\/2020\/01\/IMG_4836-2048x1536.jpg 2048w\" sizes=\"auto, (max-width: 480px) 100vw, 480px\" \/><\/p>\n\n\n<p><\/p>\n","protected":false},"excerpt":{"rendered":"<p>Oferta us\u0142ug &#8211; badania do pracy &#8211; wst\u0119pne, okresowe, kontrolne, sanitarno-epidemiologiczne,&#8211; badania marynarzy, stra\u017cak\u00f3w, uczni\u00f3w i student\u00f3w,&#8211; badania kierowc\u00f3w &#8211; wszystkie kategorie: amatorskie, zawodowe (kwalifikacje wst\u0119pne, szkolenia okresowe), pojazdy uprzywilejowane,&#8211; badania do broniNa miejscu wykonywane s\u0105 konsultacje lekarzy specjalist\u00f3w z dziedziny: laryngologii, okulistyki i neurologi. Wykonywane s\u0105 badania: EKG spoczynkowe, [&hellip;]<\/p>\n","protected":false},"author":1,"featured_media":0,"parent":0,"menu_order":0,"comment_status":"closed","ping_status":"closed","template":"","meta":{"footnotes":""},"class_list":["post-7","page","type-page","status-publish","hentry"],"jetpack_sharing_enabled":true,"_links":{"self":[{"href":"https:\/\/dr-gmerek.pl\/index.php?rest_route=\/wp\/v2\/pages\/7","targetHints":{"allow":["GET"]}}],"collection":[{"href":"https:\/\/dr-gmerek.pl\/index.php?rest_route=\/wp\/v2\/pages"}],"about":[{"href":"https:\/\/dr-gmerek.pl\/index.php?rest_route=\/wp\/v2\/types\/page"}],"author":[{"embeddable":true,"href":"https:\/\/dr-gmerek.pl\/index.php?rest_route=\/wp\/v2\/users\/1"}],"replies":[{"embeddable":true,"href":"https:\/\/dr-gmerek.pl\/index.php?rest_route=%2Fwp%2Fv2%2Fcomments&post=7"}],"version-history":[{"count":22,"href":"https:\/\/dr-gmerek.pl\/index.php?rest_route=\/wp\/v2\/pages\/7\/revisions"}],"predecessor-version":[{"id":170,"href":"https:\/\/dr-gmerek.pl\/index.php?rest_route=\/wp\/v2\/pages\/7\/revisions\/170"}],"wp:attachment":[{"href":"https:\/\/dr-gmerek.pl\/index.php?rest_route=%2Fwp%2Fv2%2Fmedia&parent=7"}],"curies":[{"name":"wp","href":"https:\/\/api.w.org\/{rel}","templated":true}]}}